{"id":1001,"date":"2022-11-01T13:14:36","date_gmt":"2022-11-01T13:14:36","guid":{"rendered":"https:\/\/jaja.ee\/%d0%b7%d0%b0%d0%b2%d0%be%d0%b4\/"},"modified":"2023-02-21T11:20:03","modified_gmt":"2023-02-21T11:20:03","slug":"%d0%b7%d0%b0%d0%b2%d0%be%d0%b4","status":"publish","type":"page","link":"https:\/\/jaja.ee\/ru\/%d0%b7%d0%b0%d0%b2%d0%be%d0%b4\/","title":{"rendered":"\u0417\u0430\u0432\u043e\u0434"},"content":{"rendered":"\t\t<div data-elementor-type=\"wp-page\" data-elementor-id=\"1001\" class=\"elementor elementor-1001 elementor-153\">\n\t\t\t\t\t\t\t\t\t<section class=\"elementor-section elementor-top-section elementor-element elementor-element-72a69d3 elementor-section-height-min-height elementor-section-content-middle elementor-section-boxed elementor-section-height-default elementor-section-items-middle\" data-id=\"72a69d3\" data-element_type=\"section\" data-settings=\"{&quot;background_background&quot;:&quot;slideshow&quot;,&quot;background_slideshow_gallery&quot;:[{&quot;id&quot;:424,&quot;url&quot;:&quot;https:\\\/\\\/jaja.ee\\\/wp-content\\\/uploads\\\/2022\\\/12\\\/jajafurniture211014-037.webp&quot;},{&quot;id&quot;:423,&quot;url&quot;:&quot;https:\\\/\\\/jaja.ee\\\/wp-content\\\/uploads\\\/2022\\\/12\\\/jajafurniture211014-007.webp&quot;}],&quot;background_slideshow_ken_burns&quot;:&quot;yes&quot;,&quot;background_slideshow_loop&quot;:&quot;yes&quot;,&quot;background_slideshow_slide_duration&quot;:5000,&quot;background_slideshow_slide_transition&quot;:&quot;fade&quot;,&quot;background_slideshow_transition_duration&quot;:500,&quot;background_slideshow_ken_burns_zoom_direction&quot;:&quot;in&quot;}\">\n\t\t\t\t\t\t\t<div class=\"elementor-background-overlay\"><\/div>\n\t\t\t\t\t\t\t<div class=\"elementor-container elementor-column-gap-default\">\n\t\t\t\t\t<div class=\"elementor-column elementor-col-100 elementor-top-column elementor-element elementor-element-5916e6b\" data-id=\"5916e6b\" data-element_type=\"column\">\n\t\t\t<div class=\"elementor-widget-wrap elementor-element-populated\">\n\t\t\t\t\t\t\t\t<section class=\"elementor-section elementor-inner-section elementor-element elementor-element-d430a3f elementor-section-boxed elementor-section-height-default elementor-section-height-default\" data-id=\"d430a3f\" data-element_type=\"section\">\n\t\t\t\t\t\t<div class=\"elementor-container elementor-column-gap-default\">\n\t\t\t\t\t<div class=\"elementor-column elementor-col-100 elementor-inner-column elementor-element elementor-element-a84a644\" data-id=\"a84a644\" data-element_type=\"column\">\n\t\t\t<div class=\"elementor-widget-wrap elementor-element-populated\">\n\t\t\t\t\t\t\t\t<div class=\"elementor-element elementor-element-b6f0779 elementor-invisible elementor-widget elementor-widget-text-editor\" data-id=\"b6f0779\" data-element_type=\"widget\" data-settings=\"{&quot;_animation&quot;:&quot;fadeInDown&quot;}\" data-widget_type=\"text-editor.default\">\n\t\t\t\t<div class=\"elementor-widget-container\">\n\t\t\t<style>\/*! elementor - v3.11.5 - 14-03-2023 *\/\n.elementor-widget-text-editor.elementor-drop-cap-view-stacked .elementor-drop-cap{background-color:#818a91;color:#fff}.elementor-widget-text-editor.elementor-drop-cap-view-framed .elementor-drop-cap{color:#818a91;border:3px solid;background-color:transparent}.elementor-widget-text-editor:not(.elementor-drop-cap-view-default) .elementor-drop-cap{margin-top:8px}.elementor-widget-text-editor:not(.elementor-drop-cap-view-default) .elementor-drop-cap-letter{width:1em;height:1em}.elementor-widget-text-editor .elementor-drop-cap{float:left;text-align:center;line-height:1;font-size:50px}.elementor-widget-text-editor .elementor-drop-cap-letter{display:inline-block}<\/style>\t\t\t\t<p>JAJA \u041c\u0415\u0411\u0415\u041b\u042c O\u00dc<\/p>\n\t\t\t\t\t\t<\/div>\n\t\t\t\t<\/div>\n\t\t\t\t<div class=\"elementor-element elementor-element-10cc501 elementor-widget elementor-widget-heading\" data-id=\"10cc501\" data-element_type=\"widget\" data-widget_type=\"heading.default\">\n\t\t\t\t<div class=\"elementor-widget-container\">\n\t\t\t<style>\/*! elementor - v3.11.5 - 14-03-2023 *\/\n.elementor-heading-title{padding:0;margin:0;line-height:1}.elementor-widget-heading .elementor-heading-title[class*=elementor-size-]>a{color:inherit;font-size:inherit;line-height:inherit}.elementor-widget-heading .elementor-heading-title.elementor-size-small{font-size:15px}.elementor-widget-heading .elementor-heading-title.elementor-size-medium{font-size:19px}.elementor-widget-heading .elementor-heading-title.elementor-size-large{font-size:29px}.elementor-widget-heading .elementor-heading-title.elementor-size-xl{font-size:39px}.elementor-widget-heading .elementor-heading-title.elementor-size-xxl{font-size:59px}<\/style><h3 class=\"elementor-heading-title elementor-size-default\">\u0417\u0430\u0432\u043e\u0434<\/h3>\t\t<\/div>\n\t\t\t\t<\/div>\n\t\t\t\t<div class=\"elementor-element elementor-element-c8571d5 animated-slow elementor-invisible elementor-widget elementor-widget-text-editor\" data-id=\"c8571d5\" data-element_type=\"widget\" data-settings=\"{&quot;_animation&quot;:&quot;fadeIn&quot;}\" data-widget_type=\"text-editor.default\">\n\t\t\t\t<div class=\"elementor-widget-container\">\n\t\t\t\t\t\t\t<p>\u041f\u0440\u043e\u0438\u0437\u0432\u043e\u0434\u0441\u0442\u0432\u0435\u043d\u043d\u044b\u0435 \u043f\u043b\u043e\u0449\u0430\u0434\u0438 \u0437\u0430\u0432\u043e\u0434\u0430, \u0440\u0430\u0441\u043f\u043e\u043b\u043e\u0436\u0435\u043d\u043d\u043e\u0433\u043e \u0432 \u0412\u0430\u0441\u0442\u0441\u0435\u043b\u0438\u0439\u043d\u0430 \u0432 \u042e\u0436\u043d\u043e\u0439 \u042d\u0441\u0442\u043e\u043d\u0438\u0438, \u0441\u043e\u0441\u0442\u0430\u0432\u043b\u044f\u044e\u0442 2000 \u043c2. \u0421\u043e\u0432\u0440\u0435\u043c\u0435\u043d\u043d\u043e\u0435 \u043e\u0431\u043e\u0440\u0443\u0434\u043e\u0432\u0430\u043d\u0438\u0435 \u043f\u0440\u0435\u0434\u043d\u0430\u0437\u043d\u0430\u0447\u0435\u043d\u043e \u0432 \u043f\u0435\u0440\u0432\u0443\u044e \u043e\u0447\u0435\u0440\u0435\u0434\u044c \u0434\u043b\u044f \u043f\u0440\u043e\u0438\u0437\u0432\u043e\u0434\u0441\u0442\u0432\u0430 \u043c\u0435\u0431\u0435\u043b\u044c\u043d\u044b\u0445 \u043a\u043e\u043c\u043f\u043e\u043d\u0435\u043d\u0442\u043e\u0432.<\/p>\n\t\t\t\t\t\t<\/div>\n\t\t\t\t<\/div>\n\t\t\t\t<div class=\"elementor-element elementor-element-f1d9bf1 elementor-widget elementor-widget-text-editor\" data-id=\"f1d9bf1\" data-element_type=\"widget\" data-widget_type=\"text-editor.default\">\n\t\t\t\t<div class=\"elementor-widget-container\">\n\t\t\t\t\t\t\t\t\t\t\t\t\t<\/div>\n\t\t\t\t<\/div>\n\t\t\t\t\t<\/div>\n\t\t<\/div>\n\t\t\t\t\t\t\t<\/div>\n\t\t<\/section>\n\t\t\t\t<section class=\"elementor-section elementor-inner-section elementor-element elementor-element-7f52806 elementor-section-boxed elementor-section-height-default elementor-section-height-default\" data-id=\"7f52806\" data-element_type=\"section\">\n\t\t\t\t\t\t<div class=\"elementor-container elementor-column-gap-default\">\n\t\t\t\t\t<div class=\"elementor-column elementor-col-50 elementor-inner-column elementor-element elementor-element-5d61faf\" data-id=\"5d61faf\" data-element_type=\"column\">\n\t\t\t<div class=\"elementor-widget-wrap elementor-element-populated\">\n\t\t\t\t\t\t\t\t<div class=\"elementor-element elementor-element-9e71695 elementor-widget elementor-widget-image\" data-id=\"9e71695\" data-element_type=\"widget\" data-widget_type=\"image.default\">\n\t\t\t\t<div class=\"elementor-widget-container\">\n\t\t\t<style>\/*! elementor - v3.11.5 - 14-03-2023 *\/\n.elementor-widget-image{text-align:center}.elementor-widget-image a{display:inline-block}.elementor-widget-image a img[src$=\".svg\"]{width:48px}.elementor-widget-image img{vertical-align:middle;display:inline-block}<\/style>\t\t\t\t\t\t\t\t\t\t\t\t<img loading=\"lazy\" decoding=\"async\" width=\"1400\" height=\"787\" src=\"https:\/\/jaja.ee\/wp-content\/uploads\/2023\/02\/DJI_0407.webp\" class=\"attachment-full size-full wp-image-958\" alt=\"JAJA tootmishoone\" srcset=\"https:\/\/jaja.ee\/wp-content\/uploads\/2023\/02\/DJI_0407.webp 1400w, https:\/\/jaja.ee\/wp-content\/uploads\/2023\/02\/DJI_0407-300x169.webp 300w, https:\/\/jaja.ee\/wp-content\/uploads\/2023\/02\/DJI_0407-1024x576.webp 1024w, https:\/\/jaja.ee\/wp-content\/uploads\/2023\/02\/DJI_0407-768x432.webp 768w\" sizes=\"auto, (max-width: 1400px) 100vw, 1400px\" \/>\t\t\t\t\t\t\t\t\t\t\t\t\t\t\t<\/div>\n\t\t\t\t<\/div>\n\t\t\t\t\t<\/div>\n\t\t<\/div>\n\t\t\t\t<div class=\"elementor-column elementor-col-50 elementor-inner-column elementor-element elementor-element-1e38ed0\" data-id=\"1e38ed0\" data-element_type=\"column\">\n\t\t\t<div class=\"elementor-widget-wrap elementor-element-populated\">\n\t\t\t\t\t\t\t\t<div class=\"elementor-element elementor-element-2542963 elementor-widget elementor-widget-image\" data-id=\"2542963\" data-element_type=\"widget\" data-widget_type=\"image.default\">\n\t\t\t\t<div class=\"elementor-widget-container\">\n\t\t\t\t\t\t\t\t\t\t\t\t\t\t\t<img loading=\"lazy\" decoding=\"async\" width=\"1400\" height=\"787\" src=\"https:\/\/jaja.ee\/wp-content\/uploads\/2023\/02\/DJI_0398.webp\" class=\"attachment-full size-full wp-image-956\" alt=\"JAJA hoone\" srcset=\"https:\/\/jaja.ee\/wp-content\/uploads\/2023\/02\/DJI_0398.webp 1400w, https:\/\/jaja.ee\/wp-content\/uploads\/2023\/02\/DJI_0398-300x169.webp 300w, https:\/\/jaja.ee\/wp-content\/uploads\/2023\/02\/DJI_0398-1024x576.webp 1024w, https:\/\/jaja.ee\/wp-content\/uploads\/2023\/02\/DJI_0398-768x432.webp 768w\" sizes=\"auto, (max-width: 1400px) 100vw, 1400px\" \/>\t\t\t\t\t\t\t\t\t\t\t\t\t\t\t<\/div>\n\t\t\t\t<\/div>\n\t\t\t\t\t<\/div>\n\t\t<\/div>\n\t\t\t\t\t\t\t<\/div>\n\t\t<\/section>\n\t\t\t\t\t<\/div>\n\t\t<\/div>\n\t\t\t\t\t\t\t<\/div>\n\t\t<\/section>\n\t\t\t\t<section class=\"elementor-section elementor-top-section elementor-element elementor-element-840869e elementor-section-boxed elementor-section-height-default elementor-section-height-default\" data-id=\"840869e\" data-element_type=\"section\" data-settings=\"{&quot;background_background&quot;:&quot;gradient&quot;}\">\n\t\t\t\t\t\t<div class=\"elementor-container elementor-column-gap-default\">\n\t\t\t\t\t<div class=\"elementor-column elementor-col-100 elementor-top-column elementor-element elementor-element-e3b73da\" data-id=\"e3b73da\" data-element_type=\"column\">\n\t\t\t<div class=\"elementor-widget-wrap elementor-element-populated\">\n\t\t\t\t\t\t\t\t<section class=\"elementor-section elementor-inner-section elementor-element elementor-element-25709e8 elementor-section-boxed elementor-section-height-default elementor-section-height-default\" data-id=\"25709e8\" data-element_type=\"section\">\n\t\t\t\t\t\t<div class=\"elementor-container elementor-column-gap-default\">\n\t\t\t\t\t<div class=\"elementor-column elementor-col-100 elementor-inner-column elementor-element elementor-element-97bc78a\" data-id=\"97bc78a\" data-element_type=\"column\">\n\t\t\t<div class=\"elementor-widget-wrap elementor-element-populated\">\n\t\t\t\t\t\t\t\t<div class=\"elementor-element elementor-element-f0e1288 elementor-widget elementor-widget-video\" data-id=\"f0e1288\" data-element_type=\"widget\" data-settings=\"{&quot;youtube_url&quot;:&quot;https:\\\/\\\/www.youtube.com\\\/watch?v=b2BwaL6ETVw&quot;,&quot;video_type&quot;:&quot;youtube&quot;,&quot;controls&quot;:&quot;yes&quot;}\" data-widget_type=\"video.default\">\n\t\t\t\t<div class=\"elementor-widget-container\">\n\t\t\t<style>\/*! elementor - v3.11.5 - 14-03-2023 *\/\n.elementor-widget-video .elementor-widget-container{overflow:hidden;transform:translateZ(0)}.elementor-widget-video .elementor-wrapper iframe,.elementor-widget-video .elementor-wrapper video{height:100%;width:100%;display:flex;border:none;background-color:#000}.elementor-widget-video .elementor-open-inline .elementor-custom-embed-image-overlay{position:absolute;top:0;left:0;width:100%;height:100%;background-size:cover;background-position:50%}.elementor-widget-video .elementor-custom-embed-image-overlay{cursor:pointer;text-align:center}.elementor-widget-video .elementor-custom-embed-image-overlay:hover .elementor-custom-embed-play i{opacity:1}.elementor-widget-video .elementor-custom-embed-image-overlay img{display:block;width:100%}.elementor-widget-video .e-hosted-video .elementor-video{-o-object-fit:cover;object-fit:cover}.e-con-inner>.elementor-widget-video,.e-con>.elementor-widget-video{width:var(--container-widget-width);--flex-grow:var(--container-widget-flex-grow)}<\/style>\t\t<div class=\"elementor-wrapper elementor-open-inline\">\n\t\t\t<div class=\"elementor-video\"><\/div>\t\t<\/div>\n\t\t\t\t<\/div>\n\t\t\t\t<\/div>\n\t\t\t\t\t<\/div>\n\t\t<\/div>\n\t\t\t\t\t\t\t<\/div>\n\t\t<\/section>\n\t\t\t\t<div class=\"elementor-element elementor-element-35e7c4a elementor-widget-divider--view-line elementor-widget elementor-widget-divider\" data-id=\"35e7c4a\" data-element_type=\"widget\" data-widget_type=\"divider.default\">\n\t\t\t\t<div class=\"elementor-widget-container\">\n\t\t\t<style>\/*! elementor - v3.11.5 - 14-03-2023 *\/\n.elementor-widget-divider{--divider-border-style:none;--divider-border-width:1px;--divider-color:#2c2c2c;--divider-icon-size:20px;--divider-element-spacing:10px;--divider-pattern-height:24px;--divider-pattern-size:20px;--divider-pattern-url:none;--divider-pattern-repeat:repeat-x}.elementor-widget-divider .elementor-divider{display:flex}.elementor-widget-divider .elementor-divider__text{font-size:15px;line-height:1;max-width:95%}.elementor-widget-divider .elementor-divider__element{margin:0 var(--divider-element-spacing);flex-shrink:0}.elementor-widget-divider .elementor-icon{font-size:var(--divider-icon-size)}.elementor-widget-divider .elementor-divider-separator{display:flex;margin:0;direction:ltr}.elementor-widget-divider--view-line_icon .elementor-divider-separator,.elementor-widget-divider--view-line_text .elementor-divider-separator{align-items:center}.elementor-widget-divider--view-line_icon .elementor-divider-separator:after,.elementor-widget-divider--view-line_icon .elementor-divider-separator:before,.elementor-widget-divider--view-line_text .elementor-divider-separator:after,.elementor-widget-divider--view-line_text .elementor-divider-separator:before{display:block;content:\"\";border-bottom:0;flex-grow:1;border-top:var(--divider-border-width) var(--divider-border-style) var(--divider-color)}.elementor-widget-divider--element-align-left .elementor-divider .elementor-divider-separator>.elementor-divider__svg:first-of-type{flex-grow:0;flex-shrink:100}.elementor-widget-divider--element-align-left .elementor-divider-separator:before{content:none}.elementor-widget-divider--element-align-left .elementor-divider__element{margin-left:0}.elementor-widget-divider--element-align-right .elementor-divider .elementor-divider-separator>.elementor-divider__svg:last-of-type{flex-grow:0;flex-shrink:100}.elementor-widget-divider--element-align-right .elementor-divider-separator:after{content:none}.elementor-widget-divider--element-align-right .elementor-divider__element{margin-right:0}.elementor-widget-divider:not(.elementor-widget-divider--view-line_text):not(.elementor-widget-divider--view-line_icon) .elementor-divider-separator{border-top:var(--divider-border-width) var(--divider-border-style) var(--divider-color)}.elementor-widget-divider--separator-type-pattern{--divider-border-style:none}.elementor-widget-divider--separator-type-pattern.elementor-widget-divider--view-line .elementor-divider-separator,.elementor-widget-divider--separator-type-pattern:not(.elementor-widget-divider--view-line) .elementor-divider-separator:after,.elementor-widget-divider--separator-type-pattern:not(.elementor-widget-divider--view-line) .elementor-divider-separator:before,.elementor-widget-divider--separator-type-pattern:not([class*=elementor-widget-divider--view]) .elementor-divider-separator{width:100%;min-height:var(--divider-pattern-height);-webkit-mask-size:var(--divider-pattern-size) 100%;mask-size:var(--divider-pattern-size) 100%;-webkit-mask-repeat:var(--divider-pattern-repeat);mask-repeat:var(--divider-pattern-repeat);background-color:var(--divider-color);-webkit-mask-image:var(--divider-pattern-url);mask-image:var(--divider-pattern-url)}.elementor-widget-divider--no-spacing{--divider-pattern-size:auto}.elementor-widget-divider--bg-round{--divider-pattern-repeat:round}.rtl .elementor-widget-divider .elementor-divider__text{direction:rtl}.e-con-inner>.elementor-widget-divider,.e-con>.elementor-widget-divider{width:var(--container-widget-width,100%);--flex-grow:var(--container-widget-flex-grow)}<\/style>\t\t<div class=\"elementor-divider\">\n\t\t\t<span class=\"elementor-divider-separator\">\n\t\t\t\t\t\t<\/span>\n\t\t<\/div>\n\t\t\t\t<\/div>\n\t\t\t\t<\/div>\n\t\t\t\t\t<\/div>\n\t\t<\/div>\n\t\t\t\t\t\t\t<\/div>\n\t\t<\/section>\n\t\t\t\t\t\t\t<\/div>\n\t\t","protected":false},"excerpt":{"rendered":"<p>JAJA \u041c\u0415\u0411\u0415\u041b\u042c O\u00dc \u0417\u0430\u0432\u043e\u0434 \u041f\u0440\u043e\u0438\u0437\u0432\u043e\u0434\u0441\u0442\u0432\u0435\u043d\u043d\u044b\u0435 \u043f\u043b\u043e\u0449\u0430\u0434\u0438 \u0437\u0430\u0432\u043e\u0434\u0430, \u0440\u0430\u0441\u043f\u043e\u043b\u043e\u0436\u0435\u043d\u043d\u043e\u0433\u043e \u0432 \u0412\u0430\u0441\u0442\u0441\u0435\u043b\u0438\u0439\u043d\u0430 \u0432 \u042e\u0436\u043d\u043e\u0439 \u042d\u0441\u0442\u043e\u043d\u0438\u0438, \u0441\u043e\u0441\u0442\u0430\u0432\u043b\u044f\u044e\u0442 2000 \u043c2. \u0421\u043e\u0432\u0440\u0435\u043c\u0435\u043d\u043d\u043e\u0435 \u043e\u0431\u043e\u0440\u0443\u0434\u043e\u0432\u0430\u043d\u0438\u0435 \u043f\u0440\u0435\u0434\u043d\u0430\u0437\u043d\u0430\u0447\u0435\u043d\u043e \u0432 \u043f\u0435\u0440\u0432\u0443\u044e \u043e\u0447\u0435\u0440\u0435\u0434\u044c \u0434\u043b\u044f \u043f\u0440\u043e\u0438\u0437\u0432\u043e\u0434\u0441\u0442\u0432\u0430 \u043c\u0435\u0431\u0435\u043b\u044c\u043d\u044b\u0445 \u043a\u043e\u043c\u043f\u043e\u043d\u0435\u043d\u0442\u043e\u0432.<\/p>\n","protected":false},"author":1,"featured_media":0,"parent":0,"menu_order":0,"comment_status":"closed","ping_status":"closed","template":"elementor_header_footer","meta":{"inline_featured_image":false,"footnotes":""},"class_list":["post-1001","page","type-page","status-publish","hentry"],"yoast_head":"<!-- This site is optimized with the Yoast SEO plugin v20.1 - https:\/\/yoast.com\/wordpress\/plugins\/seo\/ -->\n<title>\u0417\u0430\u0432\u043e\u0434 - Jaja Furniture<\/title>\n<meta name=\"robots\" content=\"index, follow, max-snippet:-1, max-image-preview:large, max-video-preview:-1\" \/>\n<link rel=\"canonical\" href=\"https:\/\/jaja.ee\/ru\/%d0%b7%d0%b0%d0%b2%d0%be%d0%b4\/\" \/>\n<meta property=\"og:locale\" content=\"ru_RU\" \/>\n<meta property=\"og:type\" content=\"article\" \/>\n<meta property=\"og:title\" content=\"\u0417\u0430\u0432\u043e\u0434 - Jaja Furniture\" \/>\n<meta property=\"og:description\" content=\"JAJA \u041c\u0415\u0411\u0415\u041b\u042c O\u00dc \u0417\u0430\u0432\u043e\u0434 \u041f\u0440\u043e\u0438\u0437\u0432\u043e\u0434\u0441\u0442\u0432\u0435\u043d\u043d\u044b\u0435 \u043f\u043b\u043e\u0449\u0430\u0434\u0438 \u0437\u0430\u0432\u043e\u0434\u0430, \u0440\u0430\u0441\u043f\u043e\u043b\u043e\u0436\u0435\u043d\u043d\u043e\u0433\u043e \u0432 \u0412\u0430\u0441\u0442\u0441\u0435\u043b\u0438\u0439\u043d\u0430 \u0432 \u042e\u0436\u043d\u043e\u0439 \u042d\u0441\u0442\u043e\u043d\u0438\u0438, \u0441\u043e\u0441\u0442\u0430\u0432\u043b\u044f\u044e\u0442 2000 \u043c2. \u0421\u043e\u0432\u0440\u0435\u043c\u0435\u043d\u043d\u043e\u0435 \u043e\u0431\u043e\u0440\u0443\u0434\u043e\u0432\u0430\u043d\u0438\u0435 \u043f\u0440\u0435\u0434\u043d\u0430\u0437\u043d\u0430\u0447\u0435\u043d\u043e \u0432 \u043f\u0435\u0440\u0432\u0443\u044e \u043e\u0447\u0435\u0440\u0435\u0434\u044c \u0434\u043b\u044f \u043f\u0440\u043e\u0438\u0437\u0432\u043e\u0434\u0441\u0442\u0432\u0430 \u043c\u0435\u0431\u0435\u043b\u044c\u043d\u044b\u0445 \u043a\u043e\u043c\u043f\u043e\u043d\u0435\u043d\u0442\u043e\u0432.\" \/>\n<meta property=\"og:url\" content=\"https:\/\/jaja.ee\/ru\/%d0%b7%d0%b0%d0%b2%d0%be%d0%b4\/\" \/>\n<meta property=\"og:site_name\" content=\"Jaja Furniture\" \/>\n<meta property=\"article:modified_time\" content=\"2023-02-21T11:20:03+00:00\" \/>\n<meta property=\"og:image\" content=\"https:\/\/jaja.ee\/wp-content\/uploads\/2023\/02\/DJI_0407.webp\" \/>\n<meta name=\"twitter:card\" content=\"summary_large_image\" \/>\n<meta name=\"twitter:label1\" content=\"\u041f\u0440\u0438\u043c\u0435\u0440\u043d\u043e\u0435 \u0432\u0440\u0435\u043c\u044f \u0434\u043b\u044f \u0447\u0442\u0435\u043d\u0438\u044f\" \/>\n\t<meta name=\"twitter:data1\" content=\"1 \u043c\u0438\u043d\u0443\u0442\u0430\" \/>\n<script type=\"application\/ld+json\" class=\"yoast-schema-graph\">{\"@context\":\"https:\/\/schema.org\",\"@graph\":[{\"@type\":\"WebPage\",\"@id\":\"https:\/\/jaja.ee\/ru\/%d0%b7%d0%b0%d0%b2%d0%be%d0%b4\/\",\"url\":\"https:\/\/jaja.ee\/ru\/%d0%b7%d0%b0%d0%b2%d0%be%d0%b4\/\",\"name\":\"\u0417\u0430\u0432\u043e\u0434 - Jaja Furniture\",\"isPartOf\":{\"@id\":\"https:\/\/jaja.ee\/ru\/#website\"},\"datePublished\":\"2022-11-01T13:14:36+00:00\",\"dateModified\":\"2023-02-21T11:20:03+00:00\",\"breadcrumb\":{\"@id\":\"https:\/\/jaja.ee\/ru\/%d0%b7%d0%b0%d0%b2%d0%be%d0%b4\/#breadcrumb\"},\"inLanguage\":\"ru-RU\",\"potentialAction\":[{\"@type\":\"ReadAction\",\"target\":[\"https:\/\/jaja.ee\/ru\/%d0%b7%d0%b0%d0%b2%d0%be%d0%b4\/\"]}]},{\"@type\":\"BreadcrumbList\",\"@id\":\"https:\/\/jaja.ee\/ru\/%d0%b7%d0%b0%d0%b2%d0%be%d0%b4\/#breadcrumb\",\"itemListElement\":[{\"@type\":\"ListItem\",\"position\":1,\"name\":\"Home\",\"item\":\"https:\/\/jaja.ee\/ru\/\"},{\"@type\":\"ListItem\",\"position\":2,\"name\":\"\u0417\u0430\u0432\u043e\u0434\"}]},{\"@type\":\"WebSite\",\"@id\":\"https:\/\/jaja.ee\/ru\/#website\",\"url\":\"https:\/\/jaja.ee\/ru\/\",\"name\":\"Jaja Furniture\",\"description\":\"M\u00f6\u00f6bel ja m\u00f6\u00f6blidetailid\",\"publisher\":{\"@id\":\"https:\/\/jaja.ee\/ru\/#organization\"},\"potentialAction\":[{\"@type\":\"SearchAction\",\"target\":{\"@type\":\"EntryPoint\",\"urlTemplate\":\"https:\/\/jaja.ee\/ru\/?s={search_term_string}\"},\"query-input\":\"required name=search_term_string\"}],\"inLanguage\":\"ru-RU\"},{\"@type\":\"Organization\",\"@id\":\"https:\/\/jaja.ee\/ru\/#organization\",\"name\":\"JAJA Furniture\",\"alternateName\":\"JAJA\",\"url\":\"https:\/\/jaja.ee\/ru\/\",\"logo\":{\"@type\":\"ImageObject\",\"inLanguage\":\"ru-RU\",\"@id\":\"https:\/\/jaja.ee\/ru\/#\/schema\/logo\/image\/\",\"url\":\"https:\/\/jaja.ee\/wp-content\/uploads\/2022\/02\/Jaja-Furniture-Logo_must.png\",\"contentUrl\":\"https:\/\/jaja.ee\/wp-content\/uploads\/2022\/02\/Jaja-Furniture-Logo_must.png\",\"width\":1500,\"height\":1652,\"caption\":\"JAJA Furniture\"},\"image\":{\"@id\":\"https:\/\/jaja.ee\/ru\/#\/schema\/logo\/image\/\"}}]}<\/script>\n<!-- \/ Yoast SEO plugin. -->","yoast_head_json":{"title":"\u0417\u0430\u0432\u043e\u0434 - Jaja Furniture","robots":{"index":"index","follow":"follow","max-snippet":"max-snippet:-1","max-image-preview":"max-image-preview:large","max-video-preview":"max-video-preview:-1"},"canonical":"https:\/\/jaja.ee\/ru\/%d0%b7%d0%b0%d0%b2%d0%be%d0%b4\/","og_locale":"ru_RU","og_type":"article","og_title":"\u0417\u0430\u0432\u043e\u0434 - Jaja Furniture","og_description":"JAJA \u041c\u0415\u0411\u0415\u041b\u042c O\u00dc \u0417\u0430\u0432\u043e\u0434 \u041f\u0440\u043e\u0438\u0437\u0432\u043e\u0434\u0441\u0442\u0432\u0435\u043d\u043d\u044b\u0435 \u043f\u043b\u043e\u0449\u0430\u0434\u0438 \u0437\u0430\u0432\u043e\u0434\u0430, \u0440\u0430\u0441\u043f\u043e\u043b\u043e\u0436\u0435\u043d\u043d\u043e\u0433\u043e \u0432 \u0412\u0430\u0441\u0442\u0441\u0435\u043b\u0438\u0439\u043d\u0430 \u0432 \u042e\u0436\u043d\u043e\u0439 \u042d\u0441\u0442\u043e\u043d\u0438\u0438, \u0441\u043e\u0441\u0442\u0430\u0432\u043b\u044f\u044e\u0442 2000 \u043c2. \u0421\u043e\u0432\u0440\u0435\u043c\u0435\u043d\u043d\u043e\u0435 \u043e\u0431\u043e\u0440\u0443\u0434\u043e\u0432\u0430\u043d\u0438\u0435 \u043f\u0440\u0435\u0434\u043d\u0430\u0437\u043d\u0430\u0447\u0435\u043d\u043e \u0432 \u043f\u0435\u0440\u0432\u0443\u044e \u043e\u0447\u0435\u0440\u0435\u0434\u044c \u0434\u043b\u044f \u043f\u0440\u043e\u0438\u0437\u0432\u043e\u0434\u0441\u0442\u0432\u0430 \u043c\u0435\u0431\u0435\u043b\u044c\u043d\u044b\u0445 \u043a\u043e\u043c\u043f\u043e\u043d\u0435\u043d\u0442\u043e\u0432.","og_url":"https:\/\/jaja.ee\/ru\/%d0%b7%d0%b0%d0%b2%d0%be%d0%b4\/","og_site_name":"Jaja Furniture","article_modified_time":"2023-02-21T11:20:03+00:00","og_image":[{"url":"https:\/\/jaja.ee\/wp-content\/uploads\/2023\/02\/DJI_0407.webp"}],"twitter_card":"summary_large_image","twitter_misc":{"\u041f\u0440\u0438\u043c\u0435\u0440\u043d\u043e\u0435 \u0432\u0440\u0435\u043c\u044f \u0434\u043b\u044f \u0447\u0442\u0435\u043d\u0438\u044f":"1 \u043c\u0438\u043d\u0443\u0442\u0430"},"schema":{"@context":"https:\/\/schema.org","@graph":[{"@type":"WebPage","@id":"https:\/\/jaja.ee\/ru\/%d0%b7%d0%b0%d0%b2%d0%be%d0%b4\/","url":"https:\/\/jaja.ee\/ru\/%d0%b7%d0%b0%d0%b2%d0%be%d0%b4\/","name":"\u0417\u0430\u0432\u043e\u0434 - Jaja Furniture","isPartOf":{"@id":"https:\/\/jaja.ee\/ru\/#website"},"datePublished":"2022-11-01T13:14:36+00:00","dateModified":"2023-02-21T11:20:03+00:00","breadcrumb":{"@id":"https:\/\/jaja.ee\/ru\/%d0%b7%d0%b0%d0%b2%d0%be%d0%b4\/#breadcrumb"},"inLanguage":"ru-RU","potentialAction":[{"@type":"ReadAction","target":["https:\/\/jaja.ee\/ru\/%d0%b7%d0%b0%d0%b2%d0%be%d0%b4\/"]}]},{"@type":"BreadcrumbList","@id":"https:\/\/jaja.ee\/ru\/%d0%b7%d0%b0%d0%b2%d0%be%d0%b4\/#breadcrumb","itemListElement":[{"@type":"ListItem","position":1,"name":"Home","item":"https:\/\/jaja.ee\/ru\/"},{"@type":"ListItem","position":2,"name":"\u0417\u0430\u0432\u043e\u0434"}]},{"@type":"WebSite","@id":"https:\/\/jaja.ee\/ru\/#website","url":"https:\/\/jaja.ee\/ru\/","name":"Jaja Furniture","description":"M\u00f6\u00f6bel ja m\u00f6\u00f6blidetailid","publisher":{"@id":"https:\/\/jaja.ee\/ru\/#organization"},"potentialAction":[{"@type":"SearchAction","target":{"@type":"EntryPoint","urlTemplate":"https:\/\/jaja.ee\/ru\/?s={search_term_string}"},"query-input":"required name=search_term_string"}],"inLanguage":"ru-RU"},{"@type":"Organization","@id":"https:\/\/jaja.ee\/ru\/#organization","name":"JAJA Furniture","alternateName":"JAJA","url":"https:\/\/jaja.ee\/ru\/","logo":{"@type":"ImageObject","inLanguage":"ru-RU","@id":"https:\/\/jaja.ee\/ru\/#\/schema\/logo\/image\/","url":"https:\/\/jaja.ee\/wp-content\/uploads\/2022\/02\/Jaja-Furniture-Logo_must.png","contentUrl":"https:\/\/jaja.ee\/wp-content\/uploads\/2022\/02\/Jaja-Furniture-Logo_must.png","width":1500,"height":1652,"caption":"JAJA Furniture"},"image":{"@id":"https:\/\/jaja.ee\/ru\/#\/schema\/logo\/image\/"}}]}},"_links":{"self":[{"href":"https:\/\/jaja.ee\/ru\/wp-json\/wp\/v2\/pages\/1001","targetHints":{"allow":["GET"]}}],"collection":[{"href":"https:\/\/jaja.ee\/ru\/wp-json\/wp\/v2\/pages"}],"about":[{"href":"https:\/\/jaja.ee\/ru\/wp-json\/wp\/v2\/types\/page"}],"author":[{"embeddable":true,"href":"https:\/\/jaja.ee\/ru\/wp-json\/wp\/v2\/users\/1"}],"replies":[{"embeddable":true,"href":"https:\/\/jaja.ee\/ru\/wp-json\/wp\/v2\/comments?post=1001"}],"version-history":[{"count":6,"href":"https:\/\/jaja.ee\/ru\/wp-json\/wp\/v2\/pages\/1001\/revisions"}],"predecessor-version":[{"id":1076,"href":"https:\/\/jaja.ee\/ru\/wp-json\/wp\/v2\/pages\/1001\/revisions\/1076"}],"wp:attachment":[{"href":"https:\/\/jaja.ee\/ru\/wp-json\/wp\/v2\/media?parent=1001"}],"curies":[{"name":"wp","href":"https:\/\/api.w.org\/{rel}","templated":true}]}}